{"id":1011,"date":"2025-05-24T16:44:50","date_gmt":"2025-05-24T16:44:50","guid":{"rendered":"https:\/\/wp.pureit.top\/psymind\/?page_id=1011"},"modified":"2025-10-01T18:42:03","modified_gmt":"2025-10-01T18:42:03","slug":"kontakt","status":"publish","type":"page","link":"https:\/\/aureomind.com\/?page_id=1011","title":{"rendered":"Kontakt"},"content":{"rendered":"\t\t<div data-elementor-type=\"wp-page\" data-elementor-id=\"1011\" class=\"elementor elementor-1011\" data-elementor-post-type=\"page\">\n\t\t\t\t<div class=\"elementor-element elementor-element-eabae09 e-flex e-con-boxed e-con e-parent\" data-id=\"eabae09\" data-element_type=\"container\" data-e-type=\"container\">\n\t\t\t\t\t<div class=\"e-con-inner\">\n\t\t<div class=\"elementor-element elementor-element-5e56e44 e-con-full e-flex e-con e-child\" data-id=\"5e56e44\" data-element_type=\"container\" data-e-type=\"container\" data-settings=\"{&quot;background_background&quot;:&quot;classic&quot;}\">\n\t\t<div class=\"elementor-element elementor-element-323a8f0 e-con-full e-flex e-con e-child\" data-id=\"323a8f0\" data-element_type=\"container\" data-e-type=\"container\">\n\t\t\t\t<div class=\"elementor-element elementor-element-18c2316 elementor-widget elementor-widget-sectiontitle\" data-id=\"18c2316\" data-element_type=\"widget\" data-e-type=\"widget\" data-widget_type=\"sectiontitle.default\">\n\t\t\t\t<div class=\"elementor-widget-container\">\n\t\t\t\t\t\r\n\t\t\t\t\t<div class=\"section-title style-one t_center\">\r\n                 \r\n                        <h5 class=\"wow fadeInDown\" data-wow-duration=\"1s\">Kontakt<\/h5>\r\n                \t\t\t\t\r\n\t\t\t\t  \r\n                       <h1 class=\"pi-anim-text\">Nehmen Sie Kontakt mit uns auf<\/h1>\r\n                \t\t\t\t\r\n                 \r\n                        <p class=\"wow fadeInDown\" data-wow-duration=\"2s\">Wenn Sie sich mit dem Thema psychologische Sicherheit in Ihrem Unternehmen auseinandersetzen \u2013 ob als F\u00fchrungskraft, HR-Verantwortliche:r oder Organisationsentwickler:in und Unterst\u00fctzung ben\u00f6tigen, mehr \u00fcber das Konzept erfahren m\u00f6chten oder einen erfahrenen Sparringspartner suchen: Melden Sie sich gerne bei uns.<\/p>\r\n                \t\t\t<\/div>\t\r\n\r\n\t\t\r\n\t\t\t\t\t\t<\/div>\n\t\t\t\t<\/div>\n\t\t\t\t<div class=\"elementor-element elementor-element-7a61bca elementor-widget elementor-widget-shortcode\" data-id=\"7a61bca\" data-element_type=\"widget\" data-e-type=\"widget\" data-widget_type=\"shortcode.default\">\n\t\t\t\t<div class=\"elementor-widget-container\">\n\t\t\t\t\t\t\t<div class=\"elementor-shortcode\">\n<div class=\"wpcf7 no-js\" id=\"wpcf7-f1483-o1\" lang=\"de-DE\" dir=\"ltr\" data-wpcf7-id=\"1483\">\n<div class=\"screen-reader-response\"><p role=\"status\" aria-live=\"polite\" aria-atomic=\"true\"><\/p> <ul><\/ul><\/div>\n<form action=\"\/index.php?rest_route=%2Fwp%2Fv2%2Fpages%2F1011#wpcf7-f1483-o1\" method=\"post\" class=\"wpcf7-form init\" aria-label=\"Kontaktformular\" novalidate=\"novalidate\" data-status=\"init\">\n<fieldset class=\"hidden-fields-container\"><input type=\"hidden\" name=\"_wpcf7\" value=\"1483\" \/><input type=\"hidden\" name=\"_wpcf7_version\" value=\"6.1.5\" \/><input type=\"hidden\" name=\"_wpcf7_locale\" value=\"de_DE\" \/><input type=\"hidden\" name=\"_wpcf7_unit_tag\" value=\"wpcf7-f1483-o1\" \/><input type=\"hidden\" name=\"_wpcf7_container_post\" value=\"0\" \/><input type=\"hidden\" name=\"_wpcf7_posted_data_hash\" value=\"\" \/>\n<\/fieldset>\n<div class=\"contact__form__area\">\n\t<div class=\"row\">\n\t\t<div class=\"col-md-6\">\n\t\t\t<div class=\"pi-form-control\">\n\t\t\t\t<p><span class=\"wpcf7-form-control-wrap\" data-name=\"first-name\"><input size=\"40\" maxlength=\"400\" class=\"wpcf7-form-control wpcf7-text wpcf7-validates-as-required form-control\" aria-required=\"true\" aria-invalid=\"false\" placeholder=\"Vorname\" value=\"\" type=\"text\" name=\"first-name\" \/><\/span>\n\t\t\t\t<\/p>\n\t\t\t<\/div>\n\t\t<\/div>\n\t\t<div class=\"col-md-6\">\n\t\t\t<div class=\"pi-form-control\">\n\t\t\t\t<p><span class=\"wpcf7-form-control-wrap\" data-name=\"last-name\"><input size=\"40\" maxlength=\"400\" class=\"wpcf7-form-control wpcf7-text wpcf7-validates-as-required form-control\" aria-required=\"true\" aria-invalid=\"false\" placeholder=\"Nachname\" value=\"\" type=\"text\" name=\"last-name\" \/><\/span>\n\t\t\t\t<\/p>\n\t\t\t<\/div>\n\t\t<\/div>\n\t\t<div class=\"col-md-6\">\n\t\t\t<div class=\"pi-form-control\">\n\t\t\t\t<p><span class=\"wpcf7-form-control-wrap\" data-name=\"email\"><input size=\"40\" maxlength=\"400\" class=\"wpcf7-form-control wpcf7-email wpcf7-validates-as-required wpcf7-text wpcf7-validates-as-email form-control\" aria-required=\"true\" aria-invalid=\"false\" placeholder=\"E-Mail-Adresse\" value=\"\" type=\"email\" name=\"email\" \/><\/span>\n\t\t\t\t<\/p>\n\t\t\t<\/div>\n\t\t<\/div>\n\t\t<div class=\"col-md-6\">\n\t\t\t<div class=\"pi-form-control\">\n\t\t\t\t<p><span class=\"wpcf7-form-control-wrap\" data-name=\"phone\"><input size=\"40\" maxlength=\"400\" class=\"wpcf7-form-control wpcf7-tel wpcf7-validates-as-required wpcf7-text wpcf7-validates-as-tel form-control\" aria-required=\"true\" aria-invalid=\"false\" placeholder=\"Mobilfunknummer\" value=\"\" type=\"tel\" name=\"phone\" \/><\/span>\n\t\t\t\t<\/p>\n\t\t\t<\/div>\n\t\t<\/div>\n\t\t<div class=\"col-md-6\">\n\t\t\t<div class=\"pi-form-control\">\n\t\t\t\t<p><span class=\"wpcf7-form-control-wrap\" data-name=\"appointment-date\"><input class=\"wpcf7-form-control wpcf7-date wpcf7-validates-as-required wpcf7-validates-as-date form-control\" min=\"2026-04-16\" aria-required=\"true\" aria-invalid=\"false\" placeholder=\"Wunschtermin\" value=\"\" type=\"date\" name=\"appointment-date\" \/><\/span>\n\t\t\t\t<\/p>\n\t\t\t<\/div>\n\t\t<\/div>\n\t\t<div class=\"col-md-6\">\n\t\t\t<div class=\"pi-form-control\">\n\t\t\t\t<p><input type=\"time\"\n           name=\"appointment-time\"\n           class=\"form-control wpcf7-form-control wpcf7-validates-as-required\"\n           min=\"10:00\"\n           max=\"17:00\"\n           step=\"60\"\n           required\n           aria-label=\"Wunschzeit (zwischen 10:00 und 17:00)\" \/>\n\t\t\t\t<\/p>\n\t\t\t<\/div>\n\t\t<\/div>\n\t\t<div class=\"col-md-12\">\n\t\t\t<div class=\"pi-form-control\">\n\t\t\t\t<p><span class=\"wpcf7-form-control-wrap\" data-name=\"message\"><textarea cols=\"40\" rows=\"10\" maxlength=\"2000\" class=\"wpcf7-form-control wpcf7-textarea form-control\" aria-invalid=\"false\" placeholder=\"Nachricht (optional)\" name=\"message\"><\/textarea><\/span>\n\t\t\t\t<\/p>\n\t\t\t<\/div>\n\t\t<\/div>\n\t\t<div class=\"col-md-12\">\n\t\t\t<div class=\"contact__submit__btn\">\n\t\t\t\t<p><input class=\"wpcf7-form-control wpcf7-submit has-spinner pi__btn__one\" type=\"submit\" value=\"Beratungstermin anfordern\" \/>\n\t\t\t\t<\/p>\n\t\t\t<\/div>\n\t\t<\/div>\n\t<\/div>\n<\/div><div class=\"wpcf7-response-output\" aria-hidden=\"true\"><\/div>\n<\/form>\n<\/div>\n<\/div>\n\t\t\t\t\t\t<\/div>\n\t\t\t\t<\/div>\n\t\t\t\t<\/div>\n\t\t\t\t<\/div>\n\t\t\t\t\t<\/div>\n\t\t\t\t<\/div>\n\t\t<div class=\"elementor-element elementor-element-92d1900 e-flex e-con-boxed e-con e-parent\" data-id=\"92d1900\" data-element_type=\"container\" data-e-type=\"container\">\n\t\t\t\t\t<div class=\"e-con-inner\">\n\t\t<div class=\"elementor-element elementor-element-e478d7b e-con-full e-flex e-con e-child\" data-id=\"e478d7b\" data-element_type=\"container\" data-e-type=\"container\" data-settings=\"{&quot;background_background&quot;:&quot;classic&quot;}\">\n\t\t<div class=\"elementor-element elementor-element-6181be0 e-con-full e-flex e-con e-child\" data-id=\"6181be0\" data-element_type=\"container\" data-e-type=\"container\">\n\t\t\t\t<div class=\"elementor-element elementor-element-575fecf elementor-widget elementor-widget-iconbox\" data-id=\"575fecf\" data-element_type=\"widget\" data-e-type=\"widget\" data-widget_type=\"iconbox.default\">\n\t\t\t\t<div class=\"elementor-widget-container\">\n\t\t\t\t\t\n\t\t\t\t\n\t\t<div class=\"icon-box style-three\">\n\n\t\t\t<div class=\"icon-box-icon\">\n\n\t\t\t\t\t\t\t\t<div class=\"icon\">\n\t\t\t\t\t<i class=\"flaticon flaticon-placeholder-1\"><\/i>\n\t\t\t\t<\/div>\n\n\t\t\t\t\n\t\t\t<\/div>\n\n\t\t\t<div class=\"icon-box-content\">\n\t\t\t\t<div class=\"title\">\n\t\t\t\t\t<h2>Adresse<\/h2>\n\t\t\t\t<\/div>\n\t\t\t\t<div class=\"description\">\n\t\t\t\t\t<p>AureoMind UG - Nils Ruben Hochstetter - Di Cara\nc\/o Online-Impressum.de #36913\nEuroparing 90\n53757 Sankt Augustin<\/p>\n\t\t\t\t<\/div>\n\t\t\t<\/div>\n\t\t<\/div>\n\n\t\t\n\t\t\t\t\t\t<\/div>\n\t\t\t\t<\/div>\n\t\t\t\t<\/div>\n\t\t<div class=\"elementor-element elementor-element-51f8f39 e-con-full e-flex e-con e-child\" data-id=\"51f8f39\" data-element_type=\"container\" data-e-type=\"container\">\n\t\t\t\t<div class=\"elementor-element elementor-element-dc243c8 elementor-widget elementor-widget-iconbox\" data-id=\"dc243c8\" data-element_type=\"widget\" data-e-type=\"widget\" data-widget_type=\"iconbox.default\">\n\t\t\t\t<div class=\"elementor-widget-container\">\n\t\t\t\t\t\n\t\t\t\t\n\t\t<div class=\"icon-box style-three\">\n\n\t\t\t<div class=\"icon-box-icon\">\n\n\t\t\t\t\t\t\t\t<div class=\"icon\">\n\t\t\t\t\t<i class=\"flaticon flaticon-call\"><\/i>\n\t\t\t\t<\/div>\n\n\t\t\t\t\n\t\t\t<\/div>\n\n\t\t\t<div class=\"icon-box-content\">\n\t\t\t\t<div class=\"title\">\n\t\t\t\t\t<h2>Telefonnummer<\/h2>\n\t\t\t\t<\/div>\n\t\t\t\t<div class=\"description\">\n\t\t\t\t\t<p>+4922456431686<\/p>\n\t\t\t\t<\/div>\n\t\t\t<\/div>\n\t\t<\/div>\n\n\t\t\n\t\t\t\t\t\t<\/div>\n\t\t\t\t<\/div>\n\t\t\t\t<\/div>\n\t\t<div class=\"elementor-element elementor-element-b421a36 e-con-full e-flex e-con e-child\" data-id=\"b421a36\" data-element_type=\"container\" data-e-type=\"container\">\n\t\t\t\t<div class=\"elementor-element elementor-element-61ac02b elementor-widget elementor-widget-iconbox\" data-id=\"61ac02b\" data-element_type=\"widget\" data-e-type=\"widget\" data-widget_type=\"iconbox.default\">\n\t\t\t\t<div class=\"elementor-widget-container\">\n\t\t\t\t\t\n\t\t\t\t\n\t\t<div class=\"icon-box style-three\">\n\n\t\t\t<div class=\"icon-box-icon\">\n\n\t\t\t\t\t\t\t\t<div class=\"icon\">\n\t\t\t\t\t<i class=\"flaticon flaticon-mail\"><\/i>\n\t\t\t\t<\/div>\n\n\t\t\t\t\n\t\t\t<\/div>\n\n\t\t\t<div class=\"icon-box-content\">\n\t\t\t\t<div class=\"title\">\n\t\t\t\t\t<h2>E-Mail<\/h2>\n\t\t\t\t<\/div>\n\t\t\t\t<div class=\"description\">\n\t\t\t\t\t<p>info@aureomind.com<\/p>\n\t\t\t\t<\/div>\n\t\t\t<\/div>\n\t\t<\/div>\n\n\t\t\n\t\t\t\t\t\t<\/div>\n\t\t\t\t<\/div>\n\t\t\t\t<\/div>\n\t\t\t\t<\/div>\n\t\t\t\t\t<\/div>\n\t\t\t\t<\/div>\n\t\t<div class=\"elementor-element elementor-element-8869298 e-con-full e-flex e-con e-parent\" data-id=\"8869298\" data-element_type=\"container\" data-e-type=\"container\">\n\t\t\t\t<div class=\"elementor-element elementor-element-1e29995 elementor-widget elementor-widget-google_maps\" data-id=\"1e29995\" data-element_type=\"widget\" data-e-type=\"widget\" data-widget_type=\"google_maps.default\">\n\t\t\t\t<div class=\"elementor-widget-container\">\n\t\t\t\t\t\t\t<div class=\"elementor-custom-embed\">\n\t\t\t<iframe loading=\"lazy\"\n\t\t\t\t\tsrc=\"https:\/\/maps.google.com\/maps?q=Europaring%2090%2053757%20Sankt%20Augustin&#038;t=m&#038;z=10&#038;output=embed&#038;iwloc=near\"\n\t\t\t\t\ttitle=\"Europaring 90 53757 Sankt Augustin\"\n\t\t\t\t\taria-label=\"Europaring 90 53757 Sankt Augustin\"\n\t\t\t><\/iframe>\n\t\t<\/div>\n\t\t\t\t\t\t<\/div>\n\t\t\t\t<\/div>\n\t\t\t\t<\/div>\n\t\t<div class=\"elementor-element elementor-element-fcb967c elementor-hidden-desktop elementor-hidden-tablet elementor-hidden-mobile e-flex e-con-boxed e-con e-parent\" data-id=\"fcb967c\" data-element_type=\"container\" data-e-type=\"container\" data-settings=\"{&quot;background_background&quot;:&quot;classic&quot;}\">\n\t\t\t\t\t<div class=\"e-con-inner\">\n\t\t\t\t<div class=\"elementor-element elementor-element-a81b03f elementor-widget elementor-widget-brand\" data-id=\"a81b03f\" data-element_type=\"widget\" data-e-type=\"widget\" data-widget_type=\"brand.default\">\n\t\t\t\t<div class=\"elementor-widget-container\">\n\t\t\t\t\t\r\n\t\t\t\r\n\t\t\t\t<div class=\"brand_carousel owl-carousel owl-loaded curosel-style\">\r\n\t\t\t\t\t\t\t\t\t\t\t<div class=\"pi__brand__thumb\">\r\n\t\t\t\t\t\t\t<img decoding=\"async\" src=\"https:\/\/wp.pureit.top\/psymind\/wp-content\/uploads\/2025\/05\/partner-logo-1.svg\" alt=\"\">\r\n\t\t\t\t\t\t<\/div>\r\n\t\t\t\t\t\t\t\t\t\t\t<div class=\"pi__brand__thumb\">\r\n\t\t\t\t\t\t\t<img decoding=\"async\" src=\"https:\/\/wp.pureit.top\/psymind\/wp-content\/uploads\/2025\/05\/partner-logo-1.svg\" alt=\"\">\r\n\t\t\t\t\t\t<\/div>\r\n\t\t\t\t\t\t\t\t\t\t\t<div class=\"pi__brand__thumb\">\r\n\t\t\t\t\t\t\t<img decoding=\"async\" src=\"https:\/\/wp.pureit.top\/psymind\/wp-content\/uploads\/2025\/05\/partner-logo-1.svg\" alt=\"\">\r\n\t\t\t\t\t\t<\/div>\r\n\t\t\t\t\t\t\t\t\t\t\t<div class=\"pi__brand__thumb\">\r\n\t\t\t\t\t\t\t<img decoding=\"async\" src=\"https:\/\/wp.pureit.top\/psymind\/wp-content\/uploads\/2025\/05\/partner-logo-1.svg\" alt=\"\">\r\n\t\t\t\t\t\t<\/div>\r\n\t\t\t\t\t\t\t\t\t\t\t<div class=\"pi__brand__thumb\">\r\n\t\t\t\t\t\t\t<img decoding=\"async\" src=\"https:\/\/wp.pureit.top\/psymind\/wp-content\/uploads\/2025\/05\/partner-logo-1.svg\" alt=\"\">\r\n\t\t\t\t\t\t<\/div>\r\n\t\t\t\t\t\t\t\t\t\t\t<div class=\"pi__brand__thumb\">\r\n\t\t\t\t\t\t\t<img decoding=\"async\" src=\"https:\/\/wp.pureit.top\/psymind\/wp-content\/uploads\/2025\/05\/partner-logo-1.svg\" alt=\"\">\r\n\t\t\t\t\t\t<\/div>\r\n\t\t\t\t\t\t\t\t\t<\/div>\r\n\r\n\t\t\t<script>\r\n    \t\t\tjQuery(document).ready(function($) {\r\n    \t\t\t\t\"use strict\";\r\n                    \t\/* Brand Curousel *\/\r\n                    \t$('.brand_carousel').owlCarousel({\r\n                    \t\tloop: true,\r\n                    \t\tautoplay: true,\r\n                    \t\tautoplayTimeout: 4000,\r\n                    \t\tdots: false,\r\n                    \t\tnav: false,\r\n                    \t\tnavText: [\"<i class='fa fa-long-arrow-left'><\/i>\", \"<i class='fa fa-long-arrow-right''><\/i>\"],\r\n                    \t\tresponsive: {\r\n                    \t\t\t0: {\r\n                    \t\t\t\titems: 1\r\n                    \t\t\t},\r\n                    \t\t\t768: {\r\n                    \t\t\t\titems: 3\r\n                    \t\t\t},\r\n                    \t\t\t992: {\r\n                    \t\t\t\titems: 5\r\n                    \t\t\t},\r\n                    \t\t\t1500: {\r\n                    \t\t\t\titems: 5\r\n                    \t\t\t},\r\n                    \t\t\t1920: {\r\n                    \t\t\t\titems: 5\r\n                    \t\t\t}\r\n                    \t\t}\r\n                    \t})\r\n            \t\t});\r\n            <\/script>\r\n\r\n\t\t\t\r\n\t\t\t\t\t\t<\/div>\n\t\t\t\t<\/div>\n\t\t\t\t\t<\/div>\n\t\t\t\t<\/div>\n\t\t\t\t<\/div>\n\t\t","protected":false},"excerpt":{"rendered":"<p>Kontakt Nehmen Sie Kontakt mit uns auf Wenn Sie sich mit dem Thema psychologische Sicherheit in Ihrem Unternehmen auseinandersetzen \u2013 ob als F\u00fchrungskraft, HR-Verantwortliche:r oder Organisationsentwickler:in und Unterst\u00fctzung ben\u00f6tigen, mehr \u00fcber das Konzept erfahren m\u00f6chten oder einen erfahrenen Sparringspartner suchen: Melden Sie sich gerne bei uns. Adresse AureoMind UG &#8211; Nils Ruben Hochstetter &#8211; Di [&hellip;]<\/p>\n","protected":false},"author":1,"featured_media":0,"parent":0,"menu_order":0,"comment_status":"closed","ping_status":"closed","template":"page-templates\/template-default.php","meta":{"footnotes":""},"class_list":["post-1011","page","type-page","status-publish","hentry"],"yoast_head":"<!-- This site is optimized with the Yoast SEO plugin v27.2 - https:\/\/yoast.com\/product\/yoast-seo-wordpress\/ -->\n<title>Kontakt - AureoMind.com<\/title>\n<meta name=\"robots\" content=\"index, follow, max-snippet:-1, max-image-preview:large, max-video-preview:-1\" \/>\n<link rel=\"canonical\" href=\"https:\/\/aureomind.com\/?page_id=1011\" \/>\n<meta property=\"og:locale\" content=\"en_US\" \/>\n<meta property=\"og:type\" content=\"article\" \/>\n<meta property=\"og:title\" content=\"Kontakt - AureoMind.com\" \/>\n<meta property=\"og:description\" content=\"Kontakt Nehmen Sie Kontakt mit uns auf Wenn Sie sich mit dem Thema psychologische Sicherheit in Ihrem Unternehmen auseinandersetzen \u2013 ob als F\u00fchrungskraft, HR-Verantwortliche:r oder Organisationsentwickler:in und Unterst\u00fctzung ben\u00f6tigen, mehr \u00fcber das Konzept erfahren m\u00f6chten oder einen erfahrenen Sparringspartner suchen: Melden Sie sich gerne bei uns. Adresse AureoMind UG &#8211; Nils Ruben Hochstetter &#8211; Di [&hellip;]\" \/>\n<meta property=\"og:url\" content=\"https:\/\/aureomind.com\/?page_id=1011\" \/>\n<meta property=\"og:site_name\" content=\"AureoMind.com\" \/>\n<meta property=\"article:modified_time\" content=\"2025-10-01T18:42:03+00:00\" \/>\n<meta property=\"og:image\" content=\"https:\/\/wp.pureit.top\/psymind\/wp-content\/uploads\/2025\/05\/partner-logo-1.svg\" \/>\n<meta name=\"twitter:card\" content=\"summary_large_image\" \/>\n<meta name=\"twitter:label1\" content=\"Est. reading time\" \/>\n\t<meta name=\"twitter:data1\" content=\"4 minutes\" \/>\n<script type=\"application\/ld+json\" class=\"yoast-schema-graph\">{\"@context\":\"https:\/\/schema.org\",\"@graph\":[{\"@type\":\"WebPage\",\"@id\":\"https:\/\/aureomind.com\/?page_id=1011\",\"url\":\"https:\/\/aureomind.com\/?page_id=1011\",\"name\":\"Kontakt - AureoMind.com\",\"isPartOf\":{\"@id\":\"https:\/\/aureomind.com\/#website\"},\"primaryImageOfPage\":{\"@id\":\"https:\/\/aureomind.com\/?page_id=1011#primaryimage\"},\"image\":{\"@id\":\"https:\/\/aureomind.com\/?page_id=1011#primaryimage\"},\"thumbnailUrl\":\"https:\/\/wp.pureit.top\/psymind\/wp-content\/uploads\/2025\/05\/partner-logo-1.svg\",\"datePublished\":\"2025-05-24T16:44:50+00:00\",\"dateModified\":\"2025-10-01T18:42:03+00:00\",\"breadcrumb\":{\"@id\":\"https:\/\/aureomind.com\/?page_id=1011#breadcrumb\"},\"inLanguage\":\"en-US\",\"potentialAction\":[{\"@type\":\"ReadAction\",\"target\":[\"https:\/\/aureomind.com\/?page_id=1011\"]}]},{\"@type\":\"ImageObject\",\"inLanguage\":\"en-US\",\"@id\":\"https:\/\/aureomind.com\/?page_id=1011#primaryimage\",\"url\":\"https:\/\/wp.pureit.top\/psymind\/wp-content\/uploads\/2025\/05\/partner-logo-1.svg\",\"contentUrl\":\"https:\/\/wp.pureit.top\/psymind\/wp-content\/uploads\/2025\/05\/partner-logo-1.svg\"},{\"@type\":\"BreadcrumbList\",\"@id\":\"https:\/\/aureomind.com\/?page_id=1011#breadcrumb\",\"itemListElement\":[{\"@type\":\"ListItem\",\"position\":1,\"name\":\"Startseite\",\"item\":\"https:\/\/aureomind.com\/\"},{\"@type\":\"ListItem\",\"position\":2,\"name\":\"Kontakt\"}]},{\"@type\":\"WebSite\",\"@id\":\"https:\/\/aureomind.com\/#website\",\"url\":\"https:\/\/aureomind.com\/\",\"name\":\"AureoMind.com\",\"description\":\"\",\"publisher\":{\"@id\":\"https:\/\/aureomind.com\/#organization\"},\"potentialAction\":[{\"@type\":\"SearchAction\",\"target\":{\"@type\":\"EntryPoint\",\"urlTemplate\":\"https:\/\/aureomind.com\/?s={search_term_string}\"},\"query-input\":{\"@type\":\"PropertyValueSpecification\",\"valueRequired\":true,\"valueName\":\"search_term_string\"}}],\"inLanguage\":\"en-US\"},{\"@type\":\"Organization\",\"@id\":\"https:\/\/aureomind.com\/#organization\",\"name\":\"AureoMind\",\"url\":\"https:\/\/aureomind.com\/\",\"logo\":{\"@type\":\"ImageObject\",\"inLanguage\":\"en-US\",\"@id\":\"https:\/\/aureomind.com\/#\/schema\/logo\/image\/\",\"url\":\"https:\/\/aureomind.com\/wp-content\/uploads\/2025\/07\/ChatGPT-Image-23.-Juli-2025-21_08_01.png\",\"contentUrl\":\"https:\/\/aureomind.com\/wp-content\/uploads\/2025\/07\/ChatGPT-Image-23.-Juli-2025-21_08_01.png\",\"width\":1024,\"height\":1024,\"caption\":\"AureoMind\"},\"image\":{\"@id\":\"https:\/\/aureomind.com\/#\/schema\/logo\/image\/\"}}]}<\/script>\n<!-- \/ Yoast SEO plugin. -->","yoast_head_json":{"title":"Kontakt - AureoMind.com","robots":{"index":"index","follow":"follow","max-snippet":"max-snippet:-1","max-image-preview":"max-image-preview:large","max-video-preview":"max-video-preview:-1"},"canonical":"https:\/\/aureomind.com\/?page_id=1011","og_locale":"en_US","og_type":"article","og_title":"Kontakt - AureoMind.com","og_description":"Kontakt Nehmen Sie Kontakt mit uns auf Wenn Sie sich mit dem Thema psychologische Sicherheit in Ihrem Unternehmen auseinandersetzen \u2013 ob als F\u00fchrungskraft, HR-Verantwortliche:r oder Organisationsentwickler:in und Unterst\u00fctzung ben\u00f6tigen, mehr \u00fcber das Konzept erfahren m\u00f6chten oder einen erfahrenen Sparringspartner suchen: Melden Sie sich gerne bei uns. Adresse AureoMind UG &#8211; Nils Ruben Hochstetter &#8211; Di [&hellip;]","og_url":"https:\/\/aureomind.com\/?page_id=1011","og_site_name":"AureoMind.com","article_modified_time":"2025-10-01T18:42:03+00:00","og_image":[{"url":"https:\/\/wp.pureit.top\/psymind\/wp-content\/uploads\/2025\/05\/partner-logo-1.svg","type":"","width":"","height":""}],"twitter_card":"summary_large_image","twitter_misc":{"Est. reading time":"4 minutes"},"schema":{"@context":"https:\/\/schema.org","@graph":[{"@type":"WebPage","@id":"https:\/\/aureomind.com\/?page_id=1011","url":"https:\/\/aureomind.com\/?page_id=1011","name":"Kontakt - AureoMind.com","isPartOf":{"@id":"https:\/\/aureomind.com\/#website"},"primaryImageOfPage":{"@id":"https:\/\/aureomind.com\/?page_id=1011#primaryimage"},"image":{"@id":"https:\/\/aureomind.com\/?page_id=1011#primaryimage"},"thumbnailUrl":"https:\/\/wp.pureit.top\/psymind\/wp-content\/uploads\/2025\/05\/partner-logo-1.svg","datePublished":"2025-05-24T16:44:50+00:00","dateModified":"2025-10-01T18:42:03+00:00","breadcrumb":{"@id":"https:\/\/aureomind.com\/?page_id=1011#breadcrumb"},"inLanguage":"en-US","potentialAction":[{"@type":"ReadAction","target":["https:\/\/aureomind.com\/?page_id=1011"]}]},{"@type":"ImageObject","inLanguage":"en-US","@id":"https:\/\/aureomind.com\/?page_id=1011#primaryimage","url":"https:\/\/wp.pureit.top\/psymind\/wp-content\/uploads\/2025\/05\/partner-logo-1.svg","contentUrl":"https:\/\/wp.pureit.top\/psymind\/wp-content\/uploads\/2025\/05\/partner-logo-1.svg"},{"@type":"BreadcrumbList","@id":"https:\/\/aureomind.com\/?page_id=1011#breadcrumb","itemListElement":[{"@type":"ListItem","position":1,"name":"Startseite","item":"https:\/\/aureomind.com\/"},{"@type":"ListItem","position":2,"name":"Kontakt"}]},{"@type":"WebSite","@id":"https:\/\/aureomind.com\/#website","url":"https:\/\/aureomind.com\/","name":"AureoMind.com","description":"","publisher":{"@id":"https:\/\/aureomind.com\/#organization"},"potentialAction":[{"@type":"SearchAction","target":{"@type":"EntryPoint","urlTemplate":"https:\/\/aureomind.com\/?s={search_term_string}"},"query-input":{"@type":"PropertyValueSpecification","valueRequired":true,"valueName":"search_term_string"}}],"inLanguage":"en-US"},{"@type":"Organization","@id":"https:\/\/aureomind.com\/#organization","name":"AureoMind","url":"https:\/\/aureomind.com\/","logo":{"@type":"ImageObject","inLanguage":"en-US","@id":"https:\/\/aureomind.com\/#\/schema\/logo\/image\/","url":"https:\/\/aureomind.com\/wp-content\/uploads\/2025\/07\/ChatGPT-Image-23.-Juli-2025-21_08_01.png","contentUrl":"https:\/\/aureomind.com\/wp-content\/uploads\/2025\/07\/ChatGPT-Image-23.-Juli-2025-21_08_01.png","width":1024,"height":1024,"caption":"AureoMind"},"image":{"@id":"https:\/\/aureomind.com\/#\/schema\/logo\/image\/"}}]}},"_links":{"self":[{"href":"https:\/\/aureomind.com\/index.php?rest_route=\/wp\/v2\/pages\/1011","targetHints":{"allow":["GET"]}}],"collection":[{"href":"https:\/\/aureomind.com\/index.php?rest_route=\/wp\/v2\/pages"}],"about":[{"href":"https:\/\/aureomind.com\/index.php?rest_route=\/wp\/v2\/types\/page"}],"author":[{"embeddable":true,"href":"https:\/\/aureomind.com\/index.php?rest_route=\/wp\/v2\/users\/1"}],"replies":[{"embeddable":true,"href":"https:\/\/aureomind.com\/index.php?rest_route=%2Fwp%2Fv2%2Fcomments&post=1011"}],"version-history":[{"count":26,"href":"https:\/\/aureomind.com\/index.php?rest_route=\/wp\/v2\/pages\/1011\/revisions"}],"predecessor-version":[{"id":1619,"href":"https:\/\/aureomind.com\/index.php?rest_route=\/wp\/v2\/pages\/1011\/revisions\/1619"}],"wp:attachment":[{"href":"https:\/\/aureomind.com\/index.php?rest_route=%2Fwp%2Fv2%2Fmedia&parent=1011"}],"curies":[{"name":"wp","href":"https:\/\/api.w.org\/{rel}","templated":true}]}}